{"id":22,"date":"2017-03-01T18:29:28","date_gmt":"2017-03-01T16:29:28","guid":{"rendered":"http:\/\/www.urbarkysuckylieskovec.sk\/?page_id=22"},"modified":"2026-02-04T19:18:57","modified_gmt":"2026-02-04T17:18:57","slug":"na-stiahnutie","status":"publish","type":"page","link":"https:\/\/www.urbarkysuckylieskovec.sk\/?page_id=22","title":{"rendered":"Na stiahnutie"},"content":{"rendered":"\n<p><strong><span class=\"has-inline-color has-vivid-red-color\">Nov\u00e9<\/span><\/strong><\/p>\n\n\n<p><strong><span style=\"color: #ff0000;\"><a style=\"color: #ff0000;\" href=\"https:\/\/www.urbarkysuckylieskovec.sk\/wp-content\/uploads\/2026\/02\/ZoznamParciel-5.xls\">ZoznamParciel-5<\/a> <\/span><\/strong><\/p>\n<p><strong><span style=\"color: #ff0000;\"><a style=\"color: #ff0000;\" href=\"https:\/\/www.urbarkysuckylieskovec.sk\/wp-content\/uploads\/2026\/02\/Zmluva-o-zalozeni-UPS-aj-s-dodatkami-k-17.3.2019.docx\">Zmluva o zalo\u017een\u00ed UPS aj s dodatkami k 17.3.2019<\/a><\/span><\/strong><\/p>\n<address>\u00a0<\/address><address><strong><span style=\"color: #0000ff;\"><a style=\"color: #0000ff;\" href=\"https:\/\/www.urbarkysuckylieskovec.sk\/wp-content\/uploads\/2020\/11\/Zoznam-majetku.docx\">Zoznam-majetku<\/a><\/span><\/strong><\/address><address>\u00a0<\/address><address>\u00a0<\/address><address><strong><span style=\"color: #0000ff;\"><a style=\"color: #0000ff;\" href=\"https:\/\/www.urbarkysuckylieskovec.sk\/wp-content\/uploads\/2019\/04\/Dodatok-\u010d.-4.docx\">Dodatok \u010d. 4<\/a><br \/><\/span><\/strong><\/address><address><strong><span style=\"color: #0000ff;\"><a style=\"color: #0000ff;\" href=\"https:\/\/www.urbarkysuckylieskovec.sk\/wp-content\/uploads\/2016\/04\/Vlastn\u00edci-UPS-k-1.3.2017.xls\">Vlastn\u00edci UPS k 1.3.2017<\/a><\/span><\/strong><\/address><address><strong><span style=\"color: #0000ff;\"><a style=\"color: #0000ff;\" href=\"https:\/\/www.urbarkysuckylieskovec.sk\/wp-content\/uploads\/2013\/05\/Certifik\u00e1t-.doc\">Certifik\u00e1t<\/a><\/span><\/strong><\/address><address><span style=\"color: #0000ff;\"><strong><a style=\"color: #0000ff;\" href=\"https:\/\/www.urbarkysuckylieskovec.sk\/wp-content\/uploads\/2022\/04\/Dodatok-c.-6-od-27.3.23022.docx\">Dodatok \u010d. 6 od 27.3.23022<\/a><\/strong><\/span><\/address><address><strong><span style=\"color: #0000ff;\"><a style=\"color: #0000ff;\" href=\"https:\/\/www.urbarkysuckylieskovec.sk\/wp-content\/uploads\/2015\/04\/Dodatok-\u010d.-2-k-zmluve-o-zalo\u017een\u00ed-UPS-.doc\">Dodatok \u010d. 2 k zmluve o zalo\u017een\u00ed UPS<\/a>\u00a0<\/span><\/strong><\/address><address><strong><span style=\"color: #0000ff;\"><a style=\"color: #0000ff;\" href=\"https:\/\/www.urbarkysuckylieskovec.sk\/wp-content\/uploads\/2014\/03\/Novela-97-2013.docx\">Novela 97-2013<\/a> <\/span><\/strong><\/address><address><strong><span style=\"color: #0000ff;\"><a style=\"color: #0000ff;\" href=\"https:\/\/www.urbarkysuckylieskovec.sk\/wp-content\/uploads\/2014\/03\/Ur\u010denie-ceny-pozemkov-na-1-diel-.doc\">Ur\u010denie ceny pozemkov na 1 diel<\/a> <\/span><\/strong><\/address><address><strong><span style=\"color: #0000ff;\"><a style=\"color: #0000ff;\" href=\"https:\/\/www.urbarkysuckylieskovec.sk\/wp-content\/uploads\/2014\/03\/Dodatok-k-zmluve-o-zalo\u017een\u00ed-UPS-IA..doc\">Dodatok k zmluve o zalo\u017een\u00ed UPS IA.<\/a><\/span><\/strong><\/address><address><strong><span style=\"color: #0000ff;\"><a style=\"color: #0000ff;\" href=\"https:\/\/www.urbarkysuckylieskovec.sk\/wp-content\/uploads\/2013\/05\/E-stav-v\u0161etka-p\u00f4da-extrav-.pdf\">E- stav, V\u0161etka p\u00f4da extravil\u00e1n<\/a><\/span><\/strong><\/address><address><strong><span style=\"color: #0000ff;\"><a style=\"color: #0000ff;\" href=\"https:\/\/www.urbarkysuckylieskovec.sk\/wp-content\/uploads\/2013\/06\/Zmluva-o-zalo\u017een\u00ed-UPS-.doc\">Zmluva o zalo\u017een\u00ed UPS<\/a><\/span><\/strong><\/address><address><strong><span style=\"color: #0000ff;\"><a style=\"color: #0000ff;\" href=\"https:\/\/www.urbarkysuckylieskovec.sk\/wp-content\/uploads\/2013\/05\/Z\u00e1kon-o-pozemkov\u00fdch-spolo\u010denstv\u00e1ch-\u010d.-972013.pdf\">Z\u00e1kon o pozemkov\u00fdch spolo\u010denstv\u00e1ch \u010d. 972013<\/a><\/span><\/strong><\/address><address><strong><span style=\"color: #0000ff;\"><a style=\"color: #0000ff;\" href=\"https:\/\/www.urbarkysuckylieskovec.sk\/wp-content\/uploads\/2013\/06\/Vyhodnocuj\u00face-valn\u00e9-zhroma\u017edenie.doc\">Vyhodnocuj\u00face valn\u00e9 zhroma\u017edenie<\/a><\/span><\/strong><\/address><address>\u00a0<\/address><address><strong><span style=\"color: #3366ff;\">\u00a0<\/span><\/strong><\/address>\n\n\n<p><\/p>\n","protected":false},"excerpt":{"rendered":"<p>Nov\u00e9 ZoznamParciel-5 Zmluva o zalo\u017een\u00ed UPS aj s dodatkami k 17.3.2019 \u00a0 Zoznam-majetku \u00a0 \u00a0 Dodatok \u010d. 4 Vlastn\u00edci UPS k 1.3.2017 Certifik\u00e1t Dodatok \u010d. 6 od 27.3.23022 Dodatok \u010d. 2 k zmluve o zalo\u017een\u00ed UPS\u00a0 Novela 97-2013 Ur\u010denie ceny &hellip; <a href=\"https:\/\/www.urbarkysuckylieskovec.sk\/?page_id=22\">Continue reading <span class=\"meta-nav\">&rarr;<\/span><\/a><\/p>\n","protected":false},"author":1,"featured_media":0,"parent":0,"menu_order":3,"comment_status":"open","ping_status":"open","template":"","meta":[],"_links":{"self":[{"href":"https:\/\/www.urbarkysuckylieskovec.sk\/index.php?rest_route=\/wp\/v2\/pages\/22"}],"collection":[{"href":"https:\/\/www.urbarkysuckylieskovec.sk\/index.php?rest_route=\/wp\/v2\/pages"}],"about":[{"href":"https:\/\/www.urbarkysuckylieskovec.sk\/index.php?rest_route=\/wp\/v2\/types\/page"}],"author":[{"embeddable":true,"href":"https:\/\/www.urbarkysuckylieskovec.sk\/index.php?rest_route=\/wp\/v2\/users\/1"}],"replies":[{"embeddable":true,"href":"https:\/\/www.urbarkysuckylieskovec.sk\/index.php?rest_route=%2Fwp%2Fv2%2Fcomments&post=22"}],"version-history":[{"count":39,"href":"https:\/\/www.urbarkysuckylieskovec.sk\/index.php?rest_route=\/wp\/v2\/pages\/22\/revisions"}],"predecessor-version":[{"id":530,"href":"https:\/\/www.urbarkysuckylieskovec.sk\/index.php?rest_route=\/wp\/v2\/pages\/22\/revisions\/530"}],"wp:attachment":[{"href":"https:\/\/www.urbarkysuckylieskovec.sk\/index.php?rest_route=%2Fwp%2Fv2%2Fmedia&parent=22"}],"curies":[{"name":"wp","href":"https:\/\/api.w.org\/{rel}","templated":true}]}}