{"id":2,"date":"2012-08-07T14:36:59","date_gmt":"2012-08-07T14:36:59","guid":{"rendered":"http:\/\/www.urbarkysuckylieskovec.sk\/?page_id=2"},"modified":"2013-06-09T17:09:02","modified_gmt":"2013-06-09T15:09:02","slug":"ukazka-strany","status":"publish","type":"page","link":"https:\/\/www.urbarkysuckylieskovec.sk\/?page_id=2","title":{"rendered":"Nie\u010do o n\u00e1s"},"content":{"rendered":"<p>Urb\u00e1rske pozemkov\u00e9 spolo\u010denstvo Kysuck\u00fd Lieskovec vzniklo ako n\u00e1stupn\u00edcka organiz\u00e1cia po b\u00fdval\u00fdch urbarialistoch obce Kysuck\u00fd Lieskovec.<\/p>\n<p>Po tzv. ne\u017enej revol\u00faci\u00ed sa za\u010dali prejavova\u0165 prv\u00e9 aktivity o prinavr\u00e1tenie zo\u0161t\u00e1tnen\u00e9ho majetku. Vzniklo Zdru\u017eenie urb\u00e1rskych a s\u00fakromn\u00fdch vlastn\u00edkov lesov Kysuck\u00fd Lieskovec, ktor\u00e9 si na z\u00e1klade Z\u00e1kona \u010d. 11\/94 Z.z. o \u00faprave vlastn\u00edckych vz\u0165ahov k p\u00f4de a in\u00e9mu po\u013enohospod\u00e1rskemu majetku za\u010dalo uplat\u0148ova\u0165 z\u00e1konn\u00e9 n\u00e1roky na zo\u0161t\u00e1tnen\u00e9 pozemky.<\/p>\n<p>Na\u0161e spolo\u010denstvo po dobu svojho trvania pre\u0161lo nieko\u013ek\u00fdmi etapami v\u00fdvoja.<\/p>\n<p>Poslednou v\u00fdznamnou udalos\u0165ou bolo zalo\u017eenie Urb\u00e1rskeho pozemkov\u00e9ho spolo\u010denstva s pr\u00e1vnou subjektivitou, zalo\u017een\u00e9 pod\u013ea z\u00e1kona o pozemkov\u00fdch spolo\u010denstv\u00e1ch \u00a0\u00a0 Z\u00e1kon \u010d. 181\/1995, pod\u013ea paragrafu 11 ako spolo\u010denstvo s pr\u00e1vnou subjektivitou. Zaregistrovan\u00e9 bolo na Obvodnom lesnom \u00farade v Kysuckom Novom Meste d\u0148a 30.4.2012 a veden\u00e9 pod \u010d. R-0002\/KM.<\/p>\n","protected":false},"excerpt":{"rendered":"<p>Urb\u00e1rske pozemkov\u00e9 spolo\u010denstvo Kysuck\u00fd Lieskovec vzniklo ako n\u00e1stupn\u00edcka organiz\u00e1cia po b\u00fdval\u00fdch urbarialistoch obce Kysuck\u00fd Lieskovec. Po tzv. ne\u017enej revol\u00faci\u00ed sa za\u010dali prejavova\u0165 prv\u00e9 aktivity o prinavr\u00e1tenie zo\u0161t\u00e1tnen\u00e9ho majetku. Vzniklo Zdru\u017eenie urb\u00e1rskych a s\u00fakromn\u00fdch vlastn\u00edkov lesov Kysuck\u00fd Lieskovec, ktor\u00e9 si na &hellip; <a href=\"https:\/\/www.urbarkysuckylieskovec.sk\/?page_id=2\">Continue reading <span class=\"meta-nav\">&rarr;<\/span><\/a><\/p>\n","protected":false},"author":1,"featured_media":0,"parent":0,"menu_order":1,"comment_status":"open","ping_status":"open","template":"","meta":[],"_links":{"self":[{"href":"https:\/\/www.urbarkysuckylieskovec.sk\/index.php?rest_route=\/wp\/v2\/pages\/2"}],"collection":[{"href":"https:\/\/www.urbarkysuckylieskovec.sk\/index.php?rest_route=\/wp\/v2\/pages"}],"about":[{"href":"https:\/\/www.urbarkysuckylieskovec.sk\/index.php?rest_route=\/wp\/v2\/types\/page"}],"author":[{"embeddable":true,"href":"https:\/\/www.urbarkysuckylieskovec.sk\/index.php?rest_route=\/wp\/v2\/users\/1"}],"replies":[{"embeddable":true,"href":"https:\/\/www.urbarkysuckylieskovec.sk\/index.php?rest_route=%2Fwp%2Fv2%2Fcomments&post=2"}],"version-history":[{"count":6,"href":"https:\/\/www.urbarkysuckylieskovec.sk\/index.php?rest_route=\/wp\/v2\/pages\/2\/revisions"}],"predecessor-version":[{"id":89,"href":"https:\/\/www.urbarkysuckylieskovec.sk\/index.php?rest_route=\/wp\/v2\/pages\/2\/revisions\/89"}],"wp:attachment":[{"href":"https:\/\/www.urbarkysuckylieskovec.sk\/index.php?rest_route=%2Fwp%2Fv2%2Fmedia&parent=2"}],"curies":[{"name":"wp","href":"https:\/\/api.w.org\/{rel}","templated":true}]}}